{"id":10,"date":"2021-09-02T11:13:11","date_gmt":"2021-09-02T09:13:11","guid":{"rendered":"https:\/\/poly-plast.pl\/?page_id=10"},"modified":"2021-09-02T12:19:55","modified_gmt":"2021-09-02T10:19:55","slug":"poly-plast-2","status":"publish","type":"page","link":"https:\/\/poly-plast.pl\/","title":{"rendered":"Poly-Plast s.j."},"content":{"rendered":"\n<p><\/p>\n\n\n\n<blockquote class=\"wp-block-quote is-style-default is-layout-flow wp-block-quote-is-layout-flow\"><p>Poly-Plast sp.j. dzia\u0142a na rynku od 1999 roku i specjalizuj\u0105ce si\u0119 w handlu akcesoriami kolejowymi oraz recyklingiem i utylizacj\u0105 odpad\u00f3w powsta\u0142ych w procesie remontu szlak\u00f3w kolejowych.<\/p><p>Przez ponad 20 lat dzia\u0142alno\u015bci wyspecjalizowali\u015bmy si\u0119 w recyklingu akcesori\u00f3w kolejowych i torowych. Wszystkie wykonywane przez nas us\u0142ugi spe\u0142niaj\u0105 rygorystyczne wymagania wynikaj\u0105ce z przepis\u00f3w ochrony \u015brodowiska, oraz szeroko rozumianego otoczenia prawnego, kt\u00f3ry reguluje tryb post\u0119powania w ka\u017cdym przypadku.<\/p><p>Posiadamy aktualne, nowo wydane decyzje (wg przepis\u00f3w z 2020roku) na <strong>transport i utylizacj\u0119<\/strong> oraz&nbsp;<strong>przetwarzanie odpad\u00f3w<\/strong>. Na podstawie tych decyzji mo\u017cemy bez formalnych przeszk\u00f3d dzia\u0142a\u0107 na europejskim rynku odpad\u00f3w, w zakresie:<\/p><p>&nbsp; &nbsp; &nbsp; &nbsp; &nbsp;&nbsp;<strong>17 02 04*<\/strong>&nbsp;&#8211; odpady drewna, szk\u0142a i tworzyw sztucznych&nbsp;<\/p><p>&nbsp; &nbsp; &nbsp; &nbsp; &nbsp;&nbsp;<strong>17 05 03*<\/strong>&nbsp;&#8211; gleba i ziemia, w tym kamienie, zawieraj\u0105ce substancje niebezpieczne (np. PCB).<\/p><p>&nbsp; &nbsp; &nbsp; &nbsp; &nbsp;&nbsp;<strong>17 05 05*<\/strong>&nbsp;&#8211; urobek z pog\u0142\u0119bienia<\/p><p>&nbsp; &nbsp; &nbsp; &nbsp; &nbsp;&nbsp;<strong>17 05 07*<\/strong>&nbsp;&#8211; t\u0142ucze\u0144 torowy (kruszywo)&nbsp;<\/p><p>Odpady przejmujemy na terenie ca\u0142ej Polski, a tak\u017ce w wybranych krajach Unii Europejskiej.<\/p><p>Ceny ustalamy i negocjujemy ka\u017cdorazowo po analizie bada\u0144 odpadu.<\/p><p>Preferujemy odbi\u00f3r z plac\u00f3w budowy przez nasze samochody, kt\u00f3re s\u0105 przystosowane do transportu wy\u017cej wymienionych \u0142adunk\u00f3w.<\/p><\/blockquote>\n","protected":false},"excerpt":{"rendered":"<p>Poly-Plast sp.j. dzia\u0142a na rynku od 1999 roku i specjalizuj\u0105ce si\u0119 w handlu akcesoriami kolejowymi oraz recyklingiem i utylizacj\u0105 odpad\u00f3w powsta\u0142ych w procesie remontu szlak\u00f3w kolejowych. Przez ponad 20 lat dzia\u0142alno\u015bci wyspecjalizowali\u015bmy si\u0119 w recyklingu akcesori\u00f3w kolejowych i torowych. Wszystkie wykonywane przez nas us\u0142ugi spe\u0142niaj\u0105 rygorystyczne wymagania wynikaj\u0105ce z przepis\u00f3w ochrony \u015brodowiska, oraz szeroko rozumianego &hellip; <\/p>\n<p class=\"link-more\"><a href=\"https:\/\/poly-plast.pl\/\" class=\"more-link\">Continue reading<span class=\"screen-reader-text\"> &#8220;Poly-Plast s.j.&#8221;<\/span><\/a><\/p>\n","protected":false},"author":1,"featured_media":0,"parent":0,"menu_order":1,"comment_status":"closed","ping_status":"closed","template":"","meta":{"footnotes":""},"class_list":["post-10","page","type-page","status-publish","hentry"],"yoast_head":"<!-- This site is optimized with the Yoast SEO plugin v17.0 - https:\/\/yoast.com\/wordpress\/plugins\/seo\/ -->\n<title>Poly-Plast s.j. - poly-plast.pl<\/title>\n<meta name=\"description\" content=\"Posiadamy aktualne, nowo wydane decyzje (wg przepis\u00f3w z 2020roku) na transport i utylizacj\u0119 oraz\u00a0przetwarzanie odpad\u00f3w. Na podstawie tych decyzji mo\u017cemy bez formalnych przeszk\u00f3d dzia\u0142a\u0107 na europejskim rynku odpad\u00f3w, w zakresie:\" \/>\n<meta name=\"robots\" content=\"index, follow, max-snippet:-1, max-image-preview:large, max-video-preview:-1\" \/>\n<link rel=\"canonical\" href=\"https:\/\/poly-plast.pl\/\" \/>\n<meta property=\"og:locale\" content=\"en_US\" \/>\n<meta property=\"og:type\" content=\"article\" \/>\n<meta property=\"og:title\" content=\"Poly-Plast s.j. - poly-plast.pl\" \/>\n<meta property=\"og:description\" content=\"Posiadamy aktualne, nowo wydane decyzje (wg przepis\u00f3w z 2020roku) na transport i utylizacj\u0119 oraz\u00a0przetwarzanie odpad\u00f3w. Na podstawie tych decyzji mo\u017cemy bez formalnych przeszk\u00f3d dzia\u0142a\u0107 na europejskim rynku odpad\u00f3w, w zakresie:\" \/>\n<meta property=\"og:url\" content=\"https:\/\/poly-plast.pl\/\" \/>\n<meta property=\"og:site_name\" content=\"poly-plast.pl\" \/>\n<meta property=\"article:modified_time\" content=\"2021-09-02T10:19:55+00:00\" \/>\n<meta name=\"twitter:card\" content=\"summary_large_image\" \/>\n<meta name=\"twitter:label1\" content=\"Est. reading time\" \/>\n\t<meta name=\"twitter:data1\" content=\"1 minute\" \/>\n<script type=\"application\/ld+json\" class=\"yoast-schema-graph\">{\"@context\":\"https:\/\/schema.org\",\"@graph\":[{\"@type\":\"WebSite\",\"@id\":\"https:\/\/poly-plast.pl\/#website\",\"url\":\"https:\/\/poly-plast.pl\/\",\"name\":\"poly-plast.pl\",\"description\":\"mamy poci\\u0105g do ekologii\",\"potentialAction\":[{\"@type\":\"SearchAction\",\"target\":{\"@type\":\"EntryPoint\",\"urlTemplate\":\"https:\/\/poly-plast.pl\/?s={search_term_string}\"},\"query-input\":\"required name=search_term_string\"}],\"inLanguage\":\"en-US\"},{\"@type\":\"WebPage\",\"@id\":\"https:\/\/poly-plast.pl\/#webpage\",\"url\":\"https:\/\/poly-plast.pl\/\",\"name\":\"Poly-Plast s.j. - poly-plast.pl\",\"isPartOf\":{\"@id\":\"https:\/\/poly-plast.pl\/#website\"},\"datePublished\":\"2021-09-02T09:13:11+00:00\",\"dateModified\":\"2021-09-02T10:19:55+00:00\",\"description\":\"Posiadamy aktualne, nowo wydane decyzje (wg przepis\\u00f3w z 2020roku) na transport i utylizacj\\u0119 oraz\\u00a0przetwarzanie odpad\\u00f3w. Na podstawie tych decyzji mo\\u017cemy bez formalnych przeszk\\u00f3d dzia\\u0142a\\u0107 na europejskim rynku odpad\\u00f3w, w zakresie:\",\"breadcrumb\":{\"@id\":\"https:\/\/poly-plast.pl\/#breadcrumb\"},\"inLanguage\":\"en-US\",\"potentialAction\":[{\"@type\":\"ReadAction\",\"target\":[\"https:\/\/poly-plast.pl\/\"]}]},{\"@type\":\"BreadcrumbList\",\"@id\":\"https:\/\/poly-plast.pl\/#breadcrumb\",\"itemListElement\":[{\"@type\":\"ListItem\",\"position\":1,\"name\":\"Home\",\"item\":\"https:\/\/poly-plast.pl\/\"},{\"@type\":\"ListItem\",\"position\":2,\"name\":\"Poly-Plast s.j.\"}]}]}<\/script>\n<!-- \/ Yoast SEO plugin. -->","yoast_head_json":{"title":"Poly-Plast s.j. - poly-plast.pl","description":"Posiadamy aktualne, nowo wydane decyzje (wg przepis\u00f3w z 2020roku) na transport i utylizacj\u0119 oraz\u00a0przetwarzanie odpad\u00f3w. Na podstawie tych decyzji mo\u017cemy bez formalnych przeszk\u00f3d dzia\u0142a\u0107 na europejskim rynku odpad\u00f3w, w zakresie:","robots":{"index":"index","follow":"follow","max-snippet":"max-snippet:-1","max-image-preview":"max-image-preview:large","max-video-preview":"max-video-preview:-1"},"canonical":"https:\/\/poly-plast.pl\/","og_locale":"en_US","og_type":"article","og_title":"Poly-Plast s.j. - poly-plast.pl","og_description":"Posiadamy aktualne, nowo wydane decyzje (wg przepis\u00f3w z 2020roku) na transport i utylizacj\u0119 oraz\u00a0przetwarzanie odpad\u00f3w. Na podstawie tych decyzji mo\u017cemy bez formalnych przeszk\u00f3d dzia\u0142a\u0107 na europejskim rynku odpad\u00f3w, w zakresie:","og_url":"https:\/\/poly-plast.pl\/","og_site_name":"poly-plast.pl","article_modified_time":"2021-09-02T10:19:55+00:00","twitter_card":"summary_large_image","twitter_misc":{"Est. reading time":"1 minute"},"schema":{"@context":"https:\/\/schema.org","@graph":[{"@type":"WebSite","@id":"https:\/\/poly-plast.pl\/#website","url":"https:\/\/poly-plast.pl\/","name":"poly-plast.pl","description":"mamy poci\u0105g do ekologii","potentialAction":[{"@type":"SearchAction","target":{"@type":"EntryPoint","urlTemplate":"https:\/\/poly-plast.pl\/?s={search_term_string}"},"query-input":"required name=search_term_string"}],"inLanguage":"en-US"},{"@type":"WebPage","@id":"https:\/\/poly-plast.pl\/#webpage","url":"https:\/\/poly-plast.pl\/","name":"Poly-Plast s.j. - poly-plast.pl","isPartOf":{"@id":"https:\/\/poly-plast.pl\/#website"},"datePublished":"2021-09-02T09:13:11+00:00","dateModified":"2021-09-02T10:19:55+00:00","description":"Posiadamy aktualne, nowo wydane decyzje (wg przepis\u00f3w z 2020roku) na transport i utylizacj\u0119 oraz\u00a0przetwarzanie odpad\u00f3w. Na podstawie tych decyzji mo\u017cemy bez formalnych przeszk\u00f3d dzia\u0142a\u0107 na europejskim rynku odpad\u00f3w, w zakresie:","breadcrumb":{"@id":"https:\/\/poly-plast.pl\/#breadcrumb"},"inLanguage":"en-US","potentialAction":[{"@type":"ReadAction","target":["https:\/\/poly-plast.pl\/"]}]},{"@type":"BreadcrumbList","@id":"https:\/\/poly-plast.pl\/#breadcrumb","itemListElement":[{"@type":"ListItem","position":1,"name":"Home","item":"https:\/\/poly-plast.pl\/"},{"@type":"ListItem","position":2,"name":"Poly-Plast s.j."}]}]}},"_links":{"self":[{"href":"https:\/\/poly-plast.pl\/index.php?rest_route=\/wp\/v2\/pages\/10","targetHints":{"allow":["GET"]}}],"collection":[{"href":"https:\/\/poly-plast.pl\/index.php?rest_route=\/wp\/v2\/pages"}],"about":[{"href":"https:\/\/poly-plast.pl\/index.php?rest_route=\/wp\/v2\/types\/page"}],"author":[{"embeddable":true,"href":"https:\/\/poly-plast.pl\/index.php?rest_route=\/wp\/v2\/users\/1"}],"replies":[{"embeddable":true,"href":"https:\/\/poly-plast.pl\/index.php?rest_route=%2Fwp%2Fv2%2Fcomments&post=10"}],"version-history":[{"count":5,"href":"https:\/\/poly-plast.pl\/index.php?rest_route=\/wp\/v2\/pages\/10\/revisions"}],"predecessor-version":[{"id":53,"href":"https:\/\/poly-plast.pl\/index.php?rest_route=\/wp\/v2\/pages\/10\/revisions\/53"}],"wp:attachment":[{"href":"https:\/\/poly-plast.pl\/index.php?rest_route=%2Fwp%2Fv2%2Fmedia&parent=10"}],"curies":[{"name":"wp","href":"https:\/\/api.w.org\/{rel}","templated":true}]}}